{"id":87,"date":"2022-08-17T15:23:36","date_gmt":"2022-08-17T09:23:36","guid":{"rendered":"http:\/\/61.247.189.150\/svantex\/?page_id=87"},"modified":"2024-12-04T12:00:46","modified_gmt":"2024-12-04T06:00:46","slug":"about-us","status":"publish","type":"page","link":"https:\/\/svantexasia.com\/se\/about-us\/","title":{"rendered":"About us"},"content":{"rendered":"<p>[vc_row][vc_column]<div class=\"dt-fancy-separator title-left h3-size\" style=\"width: 100%;\"><div class=\"dt-fancy-title\" style=\"color: #435160;\"><span class=\"separator-holder separator-left\"><\/span>Svantex AB<span class=\"separator-holder separator-right\"><\/span><\/div><\/div>[vc_empty_space height=&#8221;25px&#8221;][vc_column_text]<\/p>\n<p style=\"text-align: justify;\">Svantex AB \u00e4r ett familje\u00e4gt f\u00f6retag, bel\u00e4get i Bor\u00e5s, svensk textilproduktions hj\u00e4rta. \u00c5r 2007 startade Hans Svantesson, det som vi idag k\u00e4nner som Svantex. Efter m\u00e5nga \u00e5r i branschen best\u00e4mde han att, med sin l\u00e5nga erfarenhet och sitt stora kontaktn\u00e4t, starta sin egen textilagentur.<\/p>\n<p style=\"text-align: justify;\">Idag, mer \u00e4n ett \u00e5rtionde senare, \u00e4r vi ett f\u00f6retag med stor variation och produktk\u00e4nndedom. Vi producerar allt fr\u00e5n jersey till denim och vi jobbar st\u00e4ndigt f\u00f6r att vidga v\u00e5ra vyer och bredda v\u00e5r kunskap.<\/p>\n<p style=\"text-align: justify;\">V\u00e5rt huvudkontor har fortfarande sin bas i Bor\u00e5s och vi har \u00e4ven ett kontor i Dhaka, Bangladesh, en partner i Istanbul, Turkiet samt en handfull, noggrant utvalda, leverant\u00f6rer i Kina. Detta m\u00f6jligg\u00f6r att vi kan kontrollera v\u00e5r produktionskedja \u00e4nnu mer.<\/p>\n<p style=\"text-align: justify;\">Som f\u00f6retag jobbar vi st\u00e4ndigt f\u00f6r att tillgodose v\u00e5ra kunders \u00f6nskningar, och v\u00e5rt st\u00f6rsta m\u00e5l \u00e4r att alltid ge en fantastisk kundupplevelse oavsett vilket projekt vi jobbar med. Vi vill att, v\u00e5rt teams samlade kunskaper, ska bidra till en kvalitativ och trygg produktionsprocess, fr\u00e5n f\u00f6rsta pennstreck till f\u00e4rdig produkt.<\/p>\n<p>[\/vc_column_text][vc_empty_space height=&#8221;25px&#8221;]<div class=\"dt-fancy-separator title-left h3-size\" style=\"width: 100%;\"><div class=\"dt-fancy-title\" style=\"color: #435160;\"><span class=\"separator-holder separator-left\"><\/span>Svantex Asia<span class=\"separator-holder separator-right\"><\/span><\/div><\/div>[vc_empty_space height=&#8221;25px&#8221;][vc_column_text]<\/p>\n<p style=\"text-align: justify;\">Svantex Asia Ltd \u00e4r v\u00e5rt systerbolag, med sin bas i Dhaka Bangladesh. Kontoret \u00f6ppnade 2007 och \u00e4r specialiserade mot produkt och materialsourcing, produktion samt distribution, av h\u00f6gkvalitativa plagg.<\/p>\n<p style=\"text-align: justify;\">Vi samarbetar med skickliga och erfarna fabriker h\u00e4r i Bangladesh, n\u00e5gra vilka innehar ett s\u00e5 kallat \u201dgreen certificate, vilket inneb\u00e4r att de anv\u00e4nder en viss del f\u00f6rnybar energi. Alla fabriker \u00e4r noggrant utvalda f\u00f6r sin goda kvalitet och h\u00f6ga standard.<\/p>\n<p style=\"text-align: justify;\">Vi erbjuder en stor variation i vad vi kan producera, beroende p\u00e5 marknad och efterfr\u00e5gan. Hos oss hittar du allt ifr\u00e5n sport och ytterkl\u00e4der till trendplagg och accessoarer.<\/p>\n<p style=\"text-align: justify;\">Vi fokuserar p\u00e5 h\u00e5llbarhet i alla aspekter, social efterlevnad likv\u00e4l som etisk produktion. Vi jobbar t\u00e4tt ihop med v\u00e5ra leverant\u00f6rer och ser till att all produktion sker p\u00e5 ett ansvarfullt och milj\u00f6m\u00e4ssigt korrekt s\u00e4tt. Vi str\u00e4var alltid mot att ge en god kundservice och att erbjuda v\u00e5ra kunder den b\u00e4sta, m\u00f6jliga, upplevelsen.<\/p>\n<p>[\/vc_column_text][vc_empty_space height=&#8221;25px&#8221;][\/vc_column][\/vc_row][vc_row type=&#8221;vc_default&#8221; full_width=&#8221;stretch_row&#8221;][vc_column][vc_empty_space height=&#8221;25px&#8221;][\/vc_column][\/vc_row][vc_row type=&#8221;vc_default&#8221; bg_type=&#8221;bg_color&#8221; bg_override=&#8221;ex-full&#8221; bg_color_value=&#8221;#eae7e1&#8243;][vc_column][vc_column_text css_animation=&#8221;slideInLeft&#8221;]<\/p>\n","protected":false},"excerpt":{"rendered":"<p>[vc_row][vc_column][vc_empty_space height=&#8221;25px&#8221;][vc_column_text] Svantex AB \u00e4r ett familje\u00e4gt f\u00f6retag, bel\u00e4get i Bor\u00e5s, svensk textilproduktions hj\u00e4rta. \u00c5r 2007 startade Hans Svantesson, det som vi idag k\u00e4nner som Svantex. Efter m\u00e5nga \u00e5r i branschen best\u00e4mde han att, med sin l\u00e5nga erfarenhet och sitt stora kontaktn\u00e4t, starta sin egen textilagentur. Idag, mer \u00e4n ett \u00e5rtionde senare, \u00e4r vi ett&hellip;<\/p>\n","protected":false},"author":1,"featured_media":0,"parent":0,"menu_order":0,"comment_status":"closed","ping_status":"closed","template":"","meta":[],"class_list":["post-87","page","type-page","status-publish","hentry","description-off"],"_links":{"self":[{"href":"https:\/\/svantexasia.com\/se\/wp-json\/wp\/v2\/pages\/87","targetHints":{"allow":["GET"]}}],"collection":[{"href":"https:\/\/svantexasia.com\/se\/wp-json\/wp\/v2\/pages"}],"about":[{"href":"https:\/\/svantexasia.com\/se\/wp-json\/wp\/v2\/types\/page"}],"author":[{"embeddable":true,"href":"https:\/\/svantexasia.com\/se\/wp-json\/wp\/v2\/users\/1"}],"replies":[{"embeddable":true,"href":"https:\/\/svantexasia.com\/se\/wp-json\/wp\/v2\/comments?post=87"}],"version-history":[{"count":39,"href":"https:\/\/svantexasia.com\/se\/wp-json\/wp\/v2\/pages\/87\/revisions"}],"predecessor-version":[{"id":744,"href":"https:\/\/svantexasia.com\/se\/wp-json\/wp\/v2\/pages\/87\/revisions\/744"}],"wp:attachment":[{"href":"https:\/\/svantexasia.com\/se\/wp-json\/wp\/v2\/media?parent=87"}],"curies":[{"name":"wp","href":"https:\/\/api.w.org\/{rel}","templated":true}]}}