{"id":554,"date":"2023-03-29T14:19:46","date_gmt":"2023-03-29T08:19:46","guid":{"rendered":"http:\/\/61.247.189.150\/svantex\/?page_id=554"},"modified":"2023-06-17T11:15:02","modified_gmt":"2023-06-17T05:15:02","slug":"what-we-do","status":"publish","type":"page","link":"https:\/\/svantexasia.com\/se\/what-we-do\/","title":{"rendered":"What we do"},"content":{"rendered":"<p>[vc_row][vc_column]<div class=\"dt-fancy-separator title-left h3-size\" style=\"width: 100%;\"><div class=\"dt-fancy-title\" style=\"color: #435160;\"><span class=\"separator-holder separator-left\"><\/span>Svantex AB<span class=\"separator-holder separator-right\"><\/span><\/div><\/div>[vc_empty_space height=&#8221;25px&#8221;][vc_column_text]<\/p>\n<p style=\"text-align: justify;\">Vi \u00e4r en textilagent med stort fokus p\u00e5 kvalitet; Vi tillverkar fr\u00e4mst kl\u00e4der, men \u00e4ven accessoarer och hemtextil i viss utstr\u00e4ckning.<\/p>\n<p style=\"text-align: justify;\">Vi tillverkar m\u00e5nga olika typer av plagg f\u00f6r m\u00e5nga olika kunder. Vi \u00e4r snabba och effektiva i sourcing av tyger och i att hitta r\u00e4tt kvaliteter efter kundens \u00f6nskningar och behov. Vi arbetar med flertalet kunniga leverant\u00f6rer som vi noggrant valt ut baserat p\u00e5 Svantexfamiljens v\u00e4rderingar.<\/p>\n<p style=\"text-align: justify;\">Vi g\u00f6r produkter f\u00f6r hela familjen, herr, dam och barnkoncept skapas alla inom kontorets fyra v\u00e4ggar. Vi producerar ytterplagg likv\u00e4l som sport och tr\u00e4ningskl\u00e4der och vi har \u00e4ven god erfarenhet av prints och specialdetaljer.<\/p>\n<p style=\"text-align: justify;\">V\u00e5r st\u00f6rsta styrka \u00e4r den samlade kompetens vi har i teamet, vi har erfarna s\u00e4ljteam som best\u00e5r av produktchef, designer och direktris. Vi kan d\u00e4rmed \u00f6vervaka hela processen fr\u00e5n trendspaning och vision till f\u00e4rdig produkt.<\/p>\n<p style=\"text-align: justify;\">V\u00e5ra produktchefer \u00e4r dedikerade till att ge det b\u00e4sta priset, baserat p\u00e5 kundens behov och \u00f6nskem\u00e5l, utan att kompromissa p\u00e5 detaljer och alltid redo att l\u00f6sa problem om de skulle upptst\u00e5.<\/p>\n<p style=\"text-align: justify;\">Svantex designteam producerar skisser likv\u00e4l som artworks, antingen efter kundens \u00f6nskem\u00e5l eller om s\u00e5 \u00f6nskas, efter eget huvud.<\/p>\n<p style=\"text-align: justify;\">V\u00e5ra direktriser ser till att passform och kvalitet \u00e4r i enlighet med kundens vision, alltid i tight dialog med produktchef och designer.<\/p>\n<p>[\/vc_column_text]<div class=\"dt-fancy-separator title-left h3-size\" style=\"width: 100%;\"><div class=\"dt-fancy-title\" style=\"color: #435160;\"><span class=\"separator-holder separator-left\"><\/span>Svantex Asia<span class=\"separator-holder separator-right\"><\/span><\/div><\/div>[vc_empty_space height=&#8221;25px&#8221;][vc_column_text]<\/p>\n<p style=\"text-align: justify;\">P\u00e5 Svantex Asia erbjuder vi ett paket, fr\u00e5n sourcing, till produktion och kvalitetskontroll. Vi producerar m\u00e5nga olika sorters plagg och vi \u00e4r stolta att s\u00e4ga att kvalitet och n\u00f6jda kunder \u00e4r v\u00e5ra fokusomr\u00e5den.<\/p>\n<p style=\"text-align: justify;\">V\u00e5ra lokaler \u00e4r v\u00e4lutrustade och vi har erfarna kollegor som designar och producerar efter kundens \u00f6nskem\u00e5l och visioner, alltid enligt internationell standard. Vi har \u00e4ven ett eget testlabb, vilket m\u00f6jligg\u00f6r noggranna kvalitetsinspektioner. Detta, ihop med fabrikernas egna kvalitetskontroller, bidrar till en kvalitativ slutprodukt.<\/p>\n<p style=\"text-align: justify;\">Transparens i produktion \u00e4r f\u00f6r oss en sj\u00e4lvklarhet och vi v\u00e4lkomnar d\u00e4rf\u00f6r m\u00f6jligheten att utveckla v\u00e5ra kvalitetskontroller f\u00f6r att passa kundens behov.<\/p>\n<p style=\"text-align: justify;\">V\u00e5rt merchandisingteam har stor erfarenhet och kompetens n\u00e4r det kommer till att estimera och ber\u00e4kna produktionskedjan, och igenom detta, leverera produkten i tid. De ser till att alla potentiella problem identifieras snabbt, och att de noggrant \u00f6vervakas. Alltid med en l\u00f6sningsorienterad inst\u00e4llning.<\/p>\n<p>[\/vc_column_text][\/vc_column][\/vc_row]<\/p>\n","protected":false},"excerpt":{"rendered":"<p>[vc_row][vc_column][vc_empty_space height=&#8221;25px&#8221;][vc_column_text] Vi \u00e4r en textilagent med stort fokus p\u00e5 kvalitet; Vi tillverkar fr\u00e4mst kl\u00e4der, men \u00e4ven accessoarer och hemtextil i viss utstr\u00e4ckning. Vi tillverkar m\u00e5nga olika typer av plagg f\u00f6r m\u00e5nga olika kunder. Vi \u00e4r snabba och effektiva i sourcing av tyger och i att hitta r\u00e4tt kvaliteter efter kundens \u00f6nskningar och behov. Vi&hellip;<\/p>\n","protected":false},"author":1,"featured_media":0,"parent":0,"menu_order":0,"comment_status":"closed","ping_status":"closed","template":"","meta":[],"class_list":["post-554","page","type-page","status-publish","hentry","description-off"],"_links":{"self":[{"href":"https:\/\/svantexasia.com\/se\/wp-json\/wp\/v2\/pages\/554","targetHints":{"allow":["GET"]}}],"collection":[{"href":"https:\/\/svantexasia.com\/se\/wp-json\/wp\/v2\/pages"}],"about":[{"href":"https:\/\/svantexasia.com\/se\/wp-json\/wp\/v2\/types\/page"}],"author":[{"embeddable":true,"href":"https:\/\/svantexasia.com\/se\/wp-json\/wp\/v2\/users\/1"}],"replies":[{"embeddable":true,"href":"https:\/\/svantexasia.com\/se\/wp-json\/wp\/v2\/comments?post=554"}],"version-history":[{"count":19,"href":"https:\/\/svantexasia.com\/se\/wp-json\/wp\/v2\/pages\/554\/revisions"}],"predecessor-version":[{"id":718,"href":"https:\/\/svantexasia.com\/se\/wp-json\/wp\/v2\/pages\/554\/revisions\/718"}],"wp:attachment":[{"href":"https:\/\/svantexasia.com\/se\/wp-json\/wp\/v2\/media?parent=554"}],"curies":[{"name":"wp","href":"https:\/\/api.w.org\/{rel}","templated":true}]}}