{"id":2,"date":"2021-10-14T05:06:34","date_gmt":"2021-10-14T05:06:34","guid":{"rendered":"http:\/\/61.247.189.150\/demo-website\/?page_id=2"},"modified":"2024-12-04T12:05:34","modified_gmt":"2024-12-04T06:05:34","slug":"home","status":"publish","type":"page","link":"https:\/\/svantexasia.com\/se\/","title":{"rendered":"Home"},"content":{"rendered":"<p>[vc_row type=&#8221;vc_default&#8221; full_width=&#8221;stretch_row&#8221; content_placement=&#8221;middle&#8221; bg_type=&#8221;bg_color&#8221; bg_override=&#8221;ex-full&#8221; bg_color_value=&#8221;#133d55&#8243; css=&#8221;.vc_custom_1659764432774{padding-top: 40px !important;padding-bottom: 40px !important;}&#8221;][vc_column][vc_column_text css_animation=&#8221;fadeInDown&#8221; el_class=&#8221;section-title&#8221;]<\/p>\n<h1 style=\"text-align: center;\">V\u00e5rt arbete<\/h1>\n<p>[\/vc_column_text][vc_column_text css_animation=&#8221;fadeInRight&#8221; el_class=&#8221;text-white&#8221;]<\/p>\n<p style=\"text-align: center;\">Svantex AB \u00e4r en erfaren textilagentur inriktad mot kl\u00e4der. Vi erbjuder ett komplett paket fr\u00e5n materialsourcing till f\u00e4rdig produkt. Vi tillverkar alla typer av plagg och material- d\u00e4ribland trik\u00e5, denim, v\u00e4vt och ytterplagg. Vi tillverkar \u00e4ven en del accessoarer. Genom att medvetet bolla mellan olika leverant\u00f6rer kan vi erbjuda konkurrenskraftiga priser och ledtider anpassade f\u00f6r just ditt behov.<\/p>\n<p>[\/vc_column_text]<div class=\" ubtn-ctn-center \"><a class=\"ubtn-link ult-adjust-bottom-margin ubtn-center ubtn-normal \" href=\"https:\/\/svantexasia.com\/se\/what-we-do\/\" title=\"What we do\" ><button type=\"button\" id=\"ubtn-6805\"  class=\"ubtn ult-adjust-bottom-margin ult-responsive ubtn-normal ubtn-left-bg  none  ubtn-center   tooltip-69fde18ea4586\"  data-hover=\"#000000\" data-border-color=\"#ffffff\" data-bg=\"\" data-hover-bg=\"#ffffff\" data-border-hover=\"\" data-shadow-hover=\"\" data-shadow-click=\"none\" data-shadow=\"\" data-shd-shadow=\"\"  data-ultimate-target='#ubtn-6805'  data-responsive-json-new='{\"font-size\":\"desktop:18px;\",\"line-height\":\"desktop:22px;\"}'  style=\"font-weight:bold;border-radius:3px;border-width:1px;border-color:#ffffff;border-style:solid;color: #ffffff;\"><span class=\"ubtn-hover\" style=\"background-color:#ffffff\"><\/span><span class=\"ubtn-data ubtn-text \" >Read More<\/span><\/button><\/a><\/div>[\/vc_column][\/vc_row][vc_row type=&#8221;vc_default&#8221; full_width=&#8221;stretch_row_content&#8221; content_placement=&#8221;middle&#8221; css_animation=&#8221;fadeInUp&#8221; bg_type=&#8221;bg_color&#8221; bg_override=&#8221;ex-full&#8221; css=&#8221;.vc_custom_1680703146987{margin-top: 30px !important;padding-top: 20px !important;padding-bottom: 20px !important;}&#8221; el_class=&#8221;home-product-cat-section&#8221; bg_color_value=&#8221;#9d9d9c&#8221;][vc_column][vc_row_inner content_placement=&#8221;middle&#8221;][vc_column_inner width=&#8221;1\/4&#8243;][vc_column_text css_animation=&#8221;fadeInLeft&#8221; el_class=&#8221;product-cat-background&#8221;]Om oss[\/vc_column_text][\/vc_column_inner][vc_column_inner el_class=&#8221;padding-right&#8221; width=&#8221;7\/12&#8243;][vc_column_text css_animation=&#8221;fadeInRight&#8221; el_class=&#8221;text-white&#8221;]<\/p>\n<p style=\"text-align: right;\">Svantex AB \u00e4r ett familje\u00e4gt f\u00f6retag, bel\u00e4get i Bor\u00e5s, svensk textilproduktions hj\u00e4rta.<br \/>\n\u00c5r 2007 startade Hans Svantesson\u2026<\/p>\n<p>[\/vc_column_text][\/vc_column_inner][vc_column_inner width=&#8221;1\/6&#8243;]<div class=\" ubtn-ctn-left \"><a class=\"ubtn-link ult-adjust-bottom-margin ubtn-left ubtn-normal \" href=\"https:\/\/svantexasia.com\/se\/about-us\/\" title=\"About us\" ><button type=\"button\" id=\"ubtn-8608\"  class=\"ubtn ult-adjust-bottom-margin ult-responsive ubtn-normal ubtn-left-bg  none  ubtn-left   tooltip-69fde18ea4782\"  data-hover=\"#133d55\" data-border-color=\"#ffffff\" data-bg=\"\" data-hover-bg=\"#ffffff\" data-border-hover=\"\" data-shadow-hover=\"\" data-shadow-click=\"none\" data-shadow=\"\" data-shd-shadow=\"\"  data-ultimate-target='#ubtn-8608'  data-responsive-json-new='{\"font-size\":\"desktop:18px;\",\"line-height\":\"desktop:22px;\"}'  style=\"font-weight:bold;border-radius:3px;border-width:1px;border-color:#ffffff;border-style:solid;color: #ffffff;\"><span class=\"ubtn-hover\" style=\"background-color:#ffffff\"><\/span><span class=\"ubtn-data ubtn-text \" >Read More<\/span><\/button><\/a><\/div>[\/vc_column_inner][\/vc_row_inner][\/vc_column][\/vc_row][vc_row type=&#8221;vc_default&#8221; full_width=&#8221;stretch_row_content&#8221; content_placement=&#8221;middle&#8221; css_animation=&#8221;fadeInUp&#8221; bg_type=&#8221;bg_color&#8221; bg_override=&#8221;ex-full&#8221; css=&#8221;.vc_custom_1680703146987{margin-top: 30px !important;padding-top: 20px !important;padding-bottom: 20px !important;}&#8221; el_class=&#8221;home-product-cat-section&#8221; bg_color_value=&#8221;#9d9d9c&#8221;][vc_column][vc_row_inner content_placement=&#8221;middle&#8221;][vc_column_inner width=&#8221;1\/4&#8243;][vc_column_text css_animation=&#8221;fadeInLeft&#8221; el_class=&#8221;product-cat-background&#8221;]V\u00e5rt arbetss\u00e4tt[\/vc_column_text][\/vc_column_inner][vc_column_inner el_class=&#8221;padding-right&#8221; width=&#8221;7\/12&#8243;][vc_column_text css_animation=&#8221;fadeInRight&#8221; el_class=&#8221;text-white&#8221;]<\/p>\n<p style=\"text-align: right;\">Vi \u00e4r en textilagent med stort fokus p\u00e5 kvalitet; Vi tillverkar fr\u00e4mst kl\u00e4der,<br \/>\nmen \u00e4ven accessoarer och\u2026<\/p>\n<p>[\/vc_column_text][\/vc_column_inner][vc_column_inner width=&#8221;1\/6&#8243;]<div class=\" ubtn-ctn-left \"><a class=\"ubtn-link ult-adjust-bottom-margin ubtn-left ubtn-normal \" href=\"https:\/\/svantexasia.com\/se\/what-we-do\/\" title=\"What we do\" ><button type=\"button\" id=\"ubtn-3711\"  class=\"ubtn ult-adjust-bottom-margin ult-responsive ubtn-normal ubtn-left-bg  none  ubtn-left   tooltip-69fde18ea488b\"  data-hover=\"#133d55\" data-border-color=\"#ffffff\" data-bg=\"\" data-hover-bg=\"#ffffff\" data-border-hover=\"\" data-shadow-hover=\"\" data-shadow-click=\"none\" data-shadow=\"\" data-shd-shadow=\"\"  data-ultimate-target='#ubtn-3711'  data-responsive-json-new='{\"font-size\":\"desktop:18px;\",\"line-height\":\"desktop:22px;\"}'  style=\"font-weight:bold;border-radius:3px;border-width:1px;border-color:#ffffff;border-style:solid;color: #ffffff;\"><span class=\"ubtn-hover\" style=\"background-color:#ffffff\"><\/span><span class=\"ubtn-data ubtn-text \" >Read More<\/span><\/button><\/a><\/div>[\/vc_column_inner][\/vc_row_inner][\/vc_column][\/vc_row][vc_row type=&#8221;vc_default&#8221; full_width=&#8221;stretch_row_content&#8221; content_placement=&#8221;middle&#8221; css_animation=&#8221;fadeInUp&#8221; bg_type=&#8221;bg_color&#8221; bg_override=&#8221;ex-full&#8221; css=&#8221;.vc_custom_1680703146987{margin-top: 30px !important;padding-top: 20px !important;padding-bottom: 20px !important;}&#8221; el_class=&#8221;home-product-cat-section&#8221; bg_color_value=&#8221;#9d9d9c&#8221;][vc_column][vc_row_inner content_placement=&#8221;middle&#8221;][vc_column_inner width=&#8221;1\/4&#8243;][vc_column_text css_animation=&#8221;fadeInLeft&#8221; el_class=&#8221;product-cat-background&#8221;]Csr[\/vc_column_text][\/vc_column_inner][vc_column_inner el_class=&#8221;padding-right&#8221; width=&#8221;7\/12&#8243;][vc_column_text css_animation=&#8221;fadeInRight&#8221; el_class=&#8221;text-white&#8221;]<\/p>\n<p style=\"text-align: right;\">P\u00e5 Svantex \u00e4r v\u00e5rt huvudm\u00e5l att skapa l\u00e5ngsiktiga relationer med leverant\u00f6rer och kunder.<br \/>\nP\u00e5 detta s\u00e4tt, kan vi komma n\u00e4rmre produktionen\u2026.<\/p>\n<p>[\/vc_column_text][\/vc_column_inner][vc_column_inner width=&#8221;1\/6&#8243;]<div class=\" ubtn-ctn-left \"><a class=\"ubtn-link ult-adjust-bottom-margin ubtn-left ubtn-normal \" href=\"https:\/\/svantexasia.com\/se\/csr\/\" title=\"Csr\" ><button type=\"button\" id=\"ubtn-3401\"  class=\"ubtn ult-adjust-bottom-margin ult-responsive ubtn-normal ubtn-left-bg  none  ubtn-left   tooltip-69fde18ea4992\"  data-hover=\"#133d55\" data-border-color=\"#ffffff\" data-bg=\"\" data-hover-bg=\"#ffffff\" data-border-hover=\"\" data-shadow-hover=\"\" data-shadow-click=\"none\" data-shadow=\"\" data-shd-shadow=\"\"  data-ultimate-target='#ubtn-3401'  data-responsive-json-new='{\"font-size\":\"desktop:18px;\",\"line-height\":\"desktop:22px;\"}'  style=\"font-weight:bold;border-radius:3px;border-width:1px;border-color:#ffffff;border-style:solid;color: #ffffff;\"><span class=\"ubtn-hover\" style=\"background-color:#ffffff\"><\/span><span class=\"ubtn-data ubtn-text \" >Read More<\/span><\/button><\/a><\/div>[\/vc_column_inner][\/vc_row_inner][\/vc_column][\/vc_row][vc_row type=&#8221;vc_default&#8221; full_width=&#8221;stretch_row_content&#8221; content_placement=&#8221;middle&#8221; css_animation=&#8221;fadeInUp&#8221; bg_type=&#8221;bg_color&#8221; bg_override=&#8221;ex-full&#8221; css=&#8221;.vc_custom_1680703146987{margin-top: 30px !important;padding-top: 20px !important;padding-bottom: 20px !important;}&#8221; el_class=&#8221;home-product-cat-section&#8221; bg_color_value=&#8221;#9d9d9c&#8221;][vc_column][vc_row_inner content_placement=&#8221;middle&#8221;][vc_column_inner width=&#8221;1\/4&#8243;][vc_column_text css_animation=&#8221;fadeInLeft&#8221; el_class=&#8221;product-cat-background&#8221;]Kontakt[\/vc_column_text][\/vc_column_inner][vc_column_inner el_class=&#8221;padding-right&#8221; width=&#8221;7\/12&#8243;][vc_column_text css_animation=&#8221;fadeInRight&#8221; el_class=&#8221;text-white&#8221;]<\/p>\n<p style=\"text-align: right;\">Kontakta v\u00e5rt team f\u00f6r mer information\u2026<\/p>\n<p>[\/vc_column_text][\/vc_column_inner][vc_column_inner width=&#8221;1\/6&#8243;]<div class=\" ubtn-ctn-left \"><a class=\"ubtn-link ult-adjust-bottom-margin ubtn-left ubtn-normal \" href=\"https:\/\/svantexasia.com\/se\/contact\/\" title=\"Contact\" ><button type=\"button\" id=\"ubtn-4368\"  class=\"ubtn ult-adjust-bottom-margin ult-responsive ubtn-normal ubtn-left-bg  none  ubtn-left   tooltip-69fde18ea4a84\"  data-hover=\"#133d55\" data-border-color=\"#ffffff\" data-bg=\"\" data-hover-bg=\"#ffffff\" data-border-hover=\"\" data-shadow-hover=\"\" data-shadow-click=\"none\" data-shadow=\"\" data-shd-shadow=\"\"  data-ultimate-target='#ubtn-4368'  data-responsive-json-new='{\"font-size\":\"desktop:18px;\",\"line-height\":\"desktop:22px;\"}'  style=\"font-weight:bold;border-radius:3px;border-width:1px;border-color:#ffffff;border-style:solid;color: #ffffff;\"><span class=\"ubtn-hover\" style=\"background-color:#ffffff\"><\/span><span class=\"ubtn-data ubtn-text \" >Read More<\/span><\/button><\/a><\/div>[\/vc_column_inner][\/vc_row_inner][\/vc_column][\/vc_row][vc_row type=&#8221;vc_default&#8221; bg_type=&#8221;image&#8221; parallax_style=&#8221;vcpb-default&#8221; bg_image_new=&#8221;id^727|url^http:\/\/61.247.189.150:30\/svantex\/se\/wp-content\/uploads\/2023\/06\/Svantex-Heavy-knit-6.jpg|caption^null|alt^null|title^Svantex-Heavy-knit-6|description^null&#8221; bg_image_repeat=&#8221;no-repeat&#8221; bg_img_attach=&#8221;fixed&#8221; bg_override=&#8221;ex-full&#8221; enable_overlay=&#8221;enable_overlay_value&#8221; overlay_color=&#8221;rgba(0,0,0,0.2)&#8221; css=&#8221;.vc_custom_1687241531959{margin-top: 30px !important;padding-top: 120px !important;padding-bottom: 120px !important;}&#8221;][vc_column][vc_row_inner][vc_column_inner width=&#8221;1\/3&#8243;]<div class=\"stats-block stats-top  \"><div class=\"aio-icon-top\"><div class=\"ult-just-icon-wrapper  \"><div class=\"align-icon\" style=\"text-align:center;\">\n<div class=\"aio-icon-img \" style=\"font-size:60px;display:inline-block;\" data-animation=\"fadeIn\" data-animation-delay=\"03\">\n\t<img decoding=\"async\" class=\"img-icon\" alt=\"\" src=\"https:\/\/svantexasia.com\/se\/wp-content\/uploads\/2022\/08\/c-icon-1.png\"\/>\n<\/div><\/div><\/div><\/div><div class=\"stats-desc\" id=\"counter-responsv-wrap-5711\"><div id=\"counter_9977233669fde18ea5635\" data-id=\"counter_9977233669fde18ea5635\"  data-ultimate-target='#counter-responsv-wrap-5711 .stats-number'  data-responsive-json-new='{\"font-size\":\"desktop:22px;\",\"line-height\":\"desktop:30px;\"}'  class=\"stats-number ult-responsive\" style=\" color:#ffffff; color:#ffffff;\" data-speed=\"3\" data-counter-value=\"2007\" data-separator=\"none\" data-decimal=\".\">0<\/div><div id=\"counter_9977233669fde18ea5635\"  data-ultimate-target='#counter-responsv-wrap-5711 .stats-text'  data-responsive-json-new='{\"font-size\":\"desktop:28px;\",\"line-height\":\"desktop:35px;\"}'  class=\"stats-text ult-responsive\" style=\"font-size:px; color:#ffffff; font-weight:bold;\">Established<\/div><\/div><\/div>[\/vc_column_inner][vc_column_inner width=&#8221;1\/3&#8243;]<div class=\"stats-block stats-top  \"><div class=\"aio-icon-top\"><div class=\"ult-just-icon-wrapper  \"><div class=\"align-icon\" style=\"text-align:center;\">\n<div class=\"aio-icon-img \" style=\"font-size:60px;display:inline-block;\" data-animation=\"fadeIn\" data-animation-delay=\"03\">\n\t<img decoding=\"async\" class=\"img-icon\" alt=\"\" src=\"https:\/\/svantexasia.com\/se\/wp-content\/uploads\/2022\/08\/c-icon-3.png\"\/>\n<\/div><\/div><\/div><\/div><div class=\"stats-desc\" id=\"counter-responsv-wrap-1391\"><div id=\"counter_335261251369fde18ea5e13\" data-id=\"counter_335261251369fde18ea5e13\"  data-ultimate-target='#counter-responsv-wrap-1391 .stats-number'  data-responsive-json-new='{\"font-size\":\"desktop:22px;\",\"line-height\":\"desktop:30px;\"}'  class=\"stats-number ult-responsive\" style=\" color:#ffffff; color:#ffffff;\" data-speed=\"3\" data-counter-value=\"52\" data-separator=\",\" data-decimal=\".\">0<\/div><div id=\"counter_335261251369fde18ea5e13\"  data-ultimate-target='#counter-responsv-wrap-1391 .stats-text'  data-responsive-json-new='{\"font-size\":\"desktop:28px;\",\"line-height\":\"desktop:35px;\"}'  class=\"stats-text ult-responsive\" style=\"font-size:px; color:#ffffff; font-weight:bold;\">Employees<\/div><\/div><\/div>[\/vc_column_inner][vc_column_inner width=&#8221;1\/3&#8243;]<div class=\"stats-block stats-top  \"><div class=\"aio-icon-top\"><div class=\"ult-just-icon-wrapper  \"><div class=\"align-icon\" style=\"text-align:center;\">\n<div class=\"aio-icon-img \" style=\"font-size:60px;display:inline-block;\" data-animation=\"fadeIn\" data-animation-delay=\"03\">\n\t<img decoding=\"async\" class=\"img-icon\" alt=\"\" src=\"https:\/\/svantexasia.com\/se\/wp-content\/uploads\/2022\/08\/c-icon-4.png\"\/>\n<\/div><\/div><\/div><\/div><div class=\"stats-desc\" id=\"counter-responsv-wrap-5829\"><div id=\"counter_376533668769fde18ea65fd\" data-id=\"counter_376533668769fde18ea65fd\"  data-ultimate-target='#counter-responsv-wrap-5829 .stats-number'  data-responsive-json-new='{\"font-size\":\"desktop:22px;\",\"line-height\":\"desktop:30px;\"}'  class=\"stats-number ult-responsive\" style=\" color:#ffffff; color:#ffffff;\" data-speed=\"3\" data-counter-value=\"30\" data-separator=\",\" data-decimal=\".\">0<\/div><div id=\"counter_376533668769fde18ea65fd\"  data-ultimate-target='#counter-responsv-wrap-5829 .stats-text'  data-responsive-json-new='{\"font-size\":\"desktop:28px;\",\"line-height\":\"desktop:35px;\"}'  class=\"stats-text ult-responsive\" style=\"font-size:px; color:#ffffff; font-weight:bold;\">Clients<\/div><\/div><\/div>[\/vc_column_inner][\/vc_row_inner][\/vc_column][\/vc_row][vc_row type=&#8221;vc_default&#8221; bg_type=&#8221;image&#8221; parallax_style=&#8221;vcpb-default&#8221; bg_image_new=&#8221;id^57|url^http:\/\/61.247.189.150\/svantex\/wp-content\/uploads\/2022\/08\/csr.png|caption^null|alt^null|title^csr|description^null&#8221; bg_image_repeat=&#8221;no-repeat&#8221; bg_override=&#8221;ex-full&#8221; enable_overlay=&#8221;enable_overlay_value&#8221; overlay_color=&#8221;rgba(0,0,0,0.51)&#8221; css=&#8221;.vc_custom_1680703070017{margin-top: 30px !important;padding-top: 120px !important;padding-bottom: 120px !important;}&#8221;][vc_column][vc_row_inner content_placement=&#8221;top&#8221; css=&#8221;.vc_custom_1659788188297{padding-top: 50px !important;padding-bottom: 50px !important;}&#8221;][vc_column_inner][vc_column_text css_animation=&#8221;fadeInLeft&#8221; el_class=&#8221;csr-home text-white&#8221;]<\/p>\n<p><i style=\"text-align: left;\">\u201cWe, as textile producers, need to do our very best to make sure our environmental footprint is as small as possible.\u201d<\/i><\/p>\n<p>[\/vc_column_text][\/vc_column_inner][\/vc_row_inner][vc_row_inner content_placement=&#8221;bottom&#8221;][vc_column_inner][vc_empty_space height=&#8221;60px&#8221;][vc_column_text css_animation=&#8221;fadeInDown&#8221; el_class=&#8221;section-title&#8221;]<\/p>\n","protected":false},"excerpt":{"rendered":"<p>[vc_row type=&#8221;vc_default&#8221; full_width=&#8221;stretch_row&#8221; content_placement=&#8221;middle&#8221; bg_type=&#8221;bg_color&#8221; bg_override=&#8221;ex-full&#8221; bg_color_value=&#8221;#133d55&#8243; css=&#8221;.vc_custom_1659764432774{padding-top: 40px !important;padding-bottom: 40px !important;}&#8221;][vc_column][vc_column_text css_animation=&#8221;fadeInDown&#8221; el_class=&#8221;section-title&#8221;] V\u00e5rt arbete [\/vc_column_text][vc_column_text css_animation=&#8221;fadeInRight&#8221; el_class=&#8221;text-white&#8221;] Svantex AB \u00e4r en erfaren textilagentur inriktad mot kl\u00e4der. Vi erbjuder ett komplett paket fr\u00e5n materialsourcing till f\u00e4rdig produkt. Vi tillverkar alla typer av plagg och material- d\u00e4ribland trik\u00e5, denim, v\u00e4vt och ytterplagg. Vi tillverkar \u00e4ven&hellip;<\/p>\n","protected":false},"author":1,"featured_media":0,"parent":0,"menu_order":0,"comment_status":"closed","ping_status":"open","template":"","meta":[],"class_list":["post-2","page","type-page","status-publish","hentry","description-off"],"_links":{"self":[{"href":"https:\/\/svantexasia.com\/se\/wp-json\/wp\/v2\/pages\/2","targetHints":{"allow":["GET"]}}],"collection":[{"href":"https:\/\/svantexasia.com\/se\/wp-json\/wp\/v2\/pages"}],"about":[{"href":"https:\/\/svantexasia.com\/se\/wp-json\/wp\/v2\/types\/page"}],"author":[{"embeddable":true,"href":"https:\/\/svantexasia.com\/se\/wp-json\/wp\/v2\/users\/1"}],"replies":[{"embeddable":true,"href":"https:\/\/svantexasia.com\/se\/wp-json\/wp\/v2\/comments?post=2"}],"version-history":[{"count":105,"href":"https:\/\/svantexasia.com\/se\/wp-json\/wp\/v2\/pages\/2\/revisions"}],"predecessor-version":[{"id":746,"href":"https:\/\/svantexasia.com\/se\/wp-json\/wp\/v2\/pages\/2\/revisions\/746"}],"wp:attachment":[{"href":"https:\/\/svantexasia.com\/se\/wp-json\/wp\/v2\/media?parent=2"}],"curies":[{"name":"wp","href":"https:\/\/api.w.org\/{rel}","templated":true}]}}