{"id":110,"date":"2022-11-08T11:23:15","date_gmt":"2022-11-08T05:23:15","guid":{"rendered":"http:\/\/61.247.189.150\/svantex\/?page_id=110"},"modified":"2024-12-04T12:02:57","modified_gmt":"2024-12-04T06:02:57","slug":"csr","status":"publish","type":"page","link":"https:\/\/svantexasia.com\/se\/csr\/","title":{"rendered":"CSR"},"content":{"rendered":"<p>[vc_row][vc_column][vc_column_text]<\/p>\n<p style=\"text-align: justify;\">P\u00e5 Svantex \u00e4r v\u00e5rt huvudm\u00e5l att skapa l\u00e5ngsiktiga relationer med leverant\u00f6rer och kunder. P\u00e5 detta s\u00e4tt, kan vi komma n\u00e4rmre produktionen och f\u00f6lja hela kedjan fr\u00e5n start till m\u00e5l.<\/p>\n<p style=\"text-align: justify;\">Textilindustrin \u00e4r ett svart f\u00e5r vad g\u00e4ller v\u00e5r planets v\u00e4lf\u00e4rd, och vi, som textilproducenter, m\u00e5ste g\u00f6ra v\u00e5rt allra b\u00e4sta f\u00f6r att se till att v\u00e5rt milj\u00f6avtryck \u00e4r s\u00e5 litet som m\u00f6jligt. Genom att transportera s\u00e5 mycket som m\u00f6jligt via b\u00e5t och att v\u00e4lja mer h\u00e5llbara material s\u00e5 bidrar vi till denna utveckling.<\/p>\n<p style=\"text-align: justify;\">Alla v\u00e5ra leverant\u00f6rer \u00e4r medvetet utvalda f\u00f6r att leverera enligt v\u00e5r Svantex standard, b\u00e5de i meningen kvalitet och leverans men \u00e4ven i fr\u00e5ga om arbetsf\u00f6rh\u00e5llanden och bra villkor f\u00f6r anst\u00e4llda. F\u00f6r att bibeh\u00e5lla detta s\u00e5 bes\u00f6ker vi v\u00e5ra fabriker regelbundet och ser d\u00e4rmed till att allt fungerar enligt v\u00e5rt ramverk.<\/p>\n<p style=\"text-align: justify;\">V\u00e5rt kontor i Dhaka ger oss en stark position att utg\u00e5 ifr\u00e5n g\u00e4llande v\u00e5ra leverant\u00f6rer i Bangladesh, Det ger oss \u00e4ven en b\u00e4ttre insikt i v\u00e5ra fabriker samt m\u00f6jlighet att st\u00f6tta i det fantastiska h\u00e5llbarhetsarbete som g\u00f6rs d\u00e4r. F\u00f6r att m\u00f6jligg\u00f6ra och f\u00f6renkla i den processen har vi en anst\u00e4lld CSR-chef, p\u00e5 plats, i Bangladesh.<\/p>\n","protected":false},"excerpt":{"rendered":"<p>[vc_row][vc_column][vc_column_text] P\u00e5 Svantex \u00e4r v\u00e5rt huvudm\u00e5l att skapa l\u00e5ngsiktiga relationer med leverant\u00f6rer och kunder. P\u00e5 detta s\u00e4tt, kan vi komma n\u00e4rmre produktionen och f\u00f6lja hela kedjan fr\u00e5n start till m\u00e5l. Textilindustrin \u00e4r ett svart f\u00e5r vad g\u00e4ller v\u00e5r planets v\u00e4lf\u00e4rd, och vi, som textilproducenter, m\u00e5ste g\u00f6ra v\u00e5rt allra b\u00e4sta f\u00f6r att se till att v\u00e5rt&hellip;<\/p>\n","protected":false},"author":1,"featured_media":0,"parent":0,"menu_order":0,"comment_status":"closed","ping_status":"closed","template":"","meta":[],"class_list":["post-110","page","type-page","status-publish","hentry","description-off"],"_links":{"self":[{"href":"https:\/\/svantexasia.com\/se\/wp-json\/wp\/v2\/pages\/110","targetHints":{"allow":["GET"]}}],"collection":[{"href":"https:\/\/svantexasia.com\/se\/wp-json\/wp\/v2\/pages"}],"about":[{"href":"https:\/\/svantexasia.com\/se\/wp-json\/wp\/v2\/types\/page"}],"author":[{"embeddable":true,"href":"https:\/\/svantexasia.com\/se\/wp-json\/wp\/v2\/users\/1"}],"replies":[{"embeddable":true,"href":"https:\/\/svantexasia.com\/se\/wp-json\/wp\/v2\/comments?post=110"}],"version-history":[{"count":28,"href":"https:\/\/svantexasia.com\/se\/wp-json\/wp\/v2\/pages\/110\/revisions"}],"predecessor-version":[{"id":745,"href":"https:\/\/svantexasia.com\/se\/wp-json\/wp\/v2\/pages\/110\/revisions\/745"}],"wp:attachment":[{"href":"https:\/\/svantexasia.com\/se\/wp-json\/wp\/v2\/media?parent=110"}],"curies":[{"name":"wp","href":"https:\/\/api.w.org\/{rel}","templated":true}]}}